{"id":289,"date":"2015-07-07T16:20:54","date_gmt":"2015-07-07T15:20:54","guid":{"rendered":"http:\/\/lambfrvyar.cluster011.ovh.net\/wordpress\/?page_id=289"},"modified":"2015-07-17T19:02:00","modified_gmt":"2015-07-17T18:02:00","slug":"qui-suis-je","status":"publish","type":"page","link":"https:\/\/lambparis.art\/wp_2023\/qui-suis-je\/","title":{"rendered":"QUI EST-IL ?"},"content":{"rendered":"<div class=\"row\">\n<div class=\"col-lg-6 col-xs-12\">\n<p><a href=\"http:\/\/www.lamb.fr\/wordpress\/wp-content\/uploads\/2015\/07\/LAM-Portrait-300-Carre-30.jpg\"><img decoding=\"async\" loading=\"lazy\" class=\"wp-image-530 size-large\" src=\"http:\/\/www.lamb.fr\/wordpress\/wp-content\/uploads\/2015\/07\/LAM-Portrait-300-Carre-30-1024x1024.jpg\" alt=\"LAMB\" width=\"1024\" height=\"1024\" srcset=\"https:\/\/lambparis.art\/wp_2023\/wp-content\/uploads\/2015\/07\/LAM-Portrait-300-Carre-30-1024x1024.jpg 1024w, https:\/\/lambparis.art\/wp_2023\/wp-content\/uploads\/2015\/07\/LAM-Portrait-300-Carre-30-150x150.jpg 150w, https:\/\/lambparis.art\/wp_2023\/wp-content\/uploads\/2015\/07\/LAM-Portrait-300-Carre-30-300x300.jpg 300w\" sizes=\"(max-width: 1024px) 100vw, 1024px\" \/><\/a><\/p>\n<\/div>\n<div class=\"col-lg-6 col-xs-12\">\n<p>Lamb est n\u00e9 \u00e0 Rabat au Maroc en 1963, de m\u00e8re fran\u00e7aise et de p\u00e8re d&rsquo;origine vietnamienne. Il y vit une enfance paisible jusqu&rsquo;en 1974, date \u00e0 laquelle ses parents d\u00e9m\u00e9nagent \u00e0 Berlin o\u00f9 il passe son adolescence. A 20 ans il a le coup de foudre pour Paris, s\u2019y installe, et aujourd\u2019hui encore il y vit et y travaille.<\/p>\n<p>Lamb est un voyageur. Pour lui, voyager ce n\u2019est pas aller d\u2019un point \u00e0 un autre, en faisant vite, \u00e0 l\u2019instar d\u2019un homme d\u2019affaire press\u00e9. Pour lui voyager c\u2019est se mettre en \u00e9tat de r\u00e9ceptivit\u00e9 maximale, c\u2019est provoquer l\u2019inattendu, de surprise en d\u00e9couverte, s\u2019offrir le luxe du regard neuf. Lamb prend toujours son temps: il d\u00e9guste, il savoure en gourmet le quotidien du monde.<\/p>\n<p>Lamb est auteur d&rsquo;image. Sous tous les cieux, par toutes les lumi\u00e8res, il shoote. Le monde est tellement foisonnant de choses, personnes, paysages, sc\u00e8nes qui veulent, vivre au-del\u00e0 de l\u2019instant du coup d\u2019\u0153il, gagner du temps de vie, gagner un semblant d\u2019immortalit\u00e9. Comment r\u00e9sister \u00e0 ces appels pressants quand on a le regard aig\u00fce, l\u2019esprit aff\u00fbt\u00e9 et un appareil de photo en bandouli\u00e8re ?<\/p>\n<p>De ses p\u00e9riples dans le vaste monde (Afrique, Am\u00e9riques, Asie et Europe) il a rapport\u00e9 un lot consid\u00e9rable d\u2019images, de quoi illustrer \u00e9norm\u00e9ment de tranches de vie !<\/p>\n<p>Lamb photographie la vie telle qu\u2019elle est. Dans son travail, pas de mise en sc\u00e8ne acrobatique, pas de trucage savant, pas de recherche esth\u00e9tique plus ou moins trompeuse, pas m\u00eame d\u2019\u00e9clairage artificiel: seulement la r\u00e9alit\u00e9 brute chop\u00e9e dans la lumi\u00e8re naturelle. La v\u00e9rit\u00e9 nue en quelque sorte\u2026<\/p>\n<p>Un peu de lumi\u00e8re \u00e9clairant la sc\u00e8ne du monde o\u00f9 se joue la com\u00e9die humaine, une sensibilit\u00e9 en alerte guidant l\u2019objectif, et sur le d\u00e9clencheur, le doigt prompt \u00e0 la d\u00e9tente : voil\u00e0 qui nous donnent \u00e0 voir et \u00e0 r\u00eaver\u2026<\/p>\n<p><span style=\"font-size: 10pt;\"><em>Texte : Gilles MAIGNAUD<\/em><\/span><br \/>\n<span style=\"font-size: 10pt;\"> <em>Portrait : Bruno THOMAS<\/em><\/span><\/p>\n<\/div>\n<\/div>\n","protected":false},"excerpt":{"rendered":"<p>Lamb est n\u00e9 \u00e0 Rabat au Maroc en 1963, de m\u00e8re fran\u00e7aise et de p\u00e8re d&rsquo;origine vietnamienne. Il y vit une enfance paisible jusqu&rsquo;en 1974, date \u00e0 laquelle ses parents d\u00e9m\u00e9nagent \u00e0 Berlin o\u00f9 il passe son adolescence. A 20 ans il a le coup de foudre pour Paris, s\u2019y installe, et aujourd\u2019hui encore il [&hellip;]<\/p>\n","protected":false},"author":2,"featured_media":0,"parent":0,"menu_order":0,"comment_status":"open","ping_status":"open","template":"","meta":{"ngg_post_thumbnail":0},"_links":{"self":[{"href":"https:\/\/lambparis.art\/wp_2023\/wp-json\/wp\/v2\/pages\/289"}],"collection":[{"href":"https:\/\/lambparis.art\/wp_2023\/wp-json\/wp\/v2\/pages"}],"about":[{"href":"https:\/\/lambparis.art\/wp_2023\/wp-json\/wp\/v2\/types\/page"}],"author":[{"embeddable":true,"href":"https:\/\/lambparis.art\/wp_2023\/wp-json\/wp\/v2\/users\/2"}],"replies":[{"embeddable":true,"href":"https:\/\/lambparis.art\/wp_2023\/wp-json\/wp\/v2\/comments?post=289"}],"version-history":[{"count":11,"href":"https:\/\/lambparis.art\/wp_2023\/wp-json\/wp\/v2\/pages\/289\/revisions"}],"predecessor-version":[{"id":534,"href":"https:\/\/lambparis.art\/wp_2023\/wp-json\/wp\/v2\/pages\/289\/revisions\/534"}],"wp:attachment":[{"href":"https:\/\/lambparis.art\/wp_2023\/wp-json\/wp\/v2\/media?parent=289"}],"curies":[{"name":"wp","href":"https:\/\/api.w.org\/{rel}","templated":true}]}}